{"id":6937,"date":"2021-08-18T02:23:14","date_gmt":"2021-08-18T07:23:14","guid":{"rendered":"https:\/\/libelula.com.pe\/?page_id=6937"},"modified":"2026-03-25T11:57:23","modified_gmt":"2026-03-25T16:57:23","slug":"links","status":"publish","type":"page","link":"https:\/\/libelula.com.pe\/en\/links\/","title":{"rendered":"Links to Dragonfly networks"},"content":{"rendered":"<div data-elementor-type=\"wp-page\" data-elementor-id=\"6937\" class=\"elementor elementor-6937\" data-elementor-post-type=\"page\">\n\t\t\t\t\t\t<section class=\"elementor-section elementor-top-section elementor-element elementor-element-9e53f2c elementor-section-boxed elementor-section-height-default elementor-section-height-default\" data-id=\"9e53f2c\" data-element_type=\"section\" data-e-type=\"section\" data-settings=\"{&quot;background_background&quot;:&quot;classic&quot;}\">\n\t\t\t\t\t\t<div class=\"elementor-container elementor-column-gap-default\">\n\t\t\t\t\t<div class=\"elementor-column elementor-col-100 elementor-top-column elementor-element elementor-element-e11a87c\" data-id=\"e11a87c\" data-element_type=\"column\" data-e-type=\"column\">\n\t\t\t<div class=\"elementor-widget-wrap elementor-element-populated\">\n\t\t\t\t\t\t<div class=\"elementor-element elementor-element-aaeb39a elementor-position-top elementor-widget elementor-widget-image-box\" data-id=\"aaeb39a\" data-element_type=\"widget\" data-e-type=\"widget\" data-widget_type=\"image-box.default\">\n\t\t\t\t<div class=\"elementor-widget-container\">\n\t\t\t\t\t<div class=\"elementor-image-box-wrapper\"><figure class=\"elementor-image-box-img\"><a href=\"https:\/\/www.instagram.com\/libelulacomunidad\/\" tabindex=\"-1\" target=\"_blank\" rel=\"noopener\"><img loading=\"lazy\" decoding=\"async\" width=\"626\" height=\"179\" src=\"https:\/\/libelula.com.pe\/wp-content\/uploads\/2020\/12\/lbl-logo-completo.png\" class=\"attachment-full size-full wp-image-5308\" alt=\"\" srcset=\"https:\/\/libelula.com.pe\/wp-content\/uploads\/2020\/12\/lbl-logo-completo.png 626w, https:\/\/libelula.com.pe\/wp-content\/uploads\/2020\/12\/lbl-logo-completo-300x86.png 300w, https:\/\/libelula.com.pe\/wp-content\/uploads\/2020\/12\/lbl-logo-completo-150x43.png 150w\" sizes=\"auto, (max-width: 626px) 100vw, 626px\" \/><\/a><\/figure><div class=\"elementor-image-box-content\"><h3 class=\"elementor-image-box-title\"><a href=\"https:\/\/www.instagram.com\/libelulacomunidad\/\" target=\"_blank\" rel=\"noopener\">@libelulacomunidad<\/a><\/h3><\/div><\/div>\t\t\t\t<\/div>\n\t\t\t\t<\/div>\n\t\t\t\t<section class=\"elementor-section elementor-inner-section elementor-element elementor-element-dcae708 elementor-section-content-middle elementor-section-boxed elementor-section-height-default elementor-section-height-default\" data-id=\"dcae708\" data-element_type=\"section\" data-e-type=\"section\">\n\t\t\t\t\t\t<div class=\"elementor-container elementor-column-gap-extended\">\n\t\t\t\t\t<div class=\"elementor-column elementor-col-50 elementor-inner-column elementor-element elementor-element-0d43176\" data-id=\"0d43176\" data-element_type=\"column\" data-e-type=\"column\" data-settings=\"{&quot;background_background&quot;:&quot;classic&quot;}\">\n\t\t\t<div class=\"elementor-widget-wrap elementor-element-populated\">\n\t\t\t\t\t\t<div class=\"elementor-element elementor-element-0701d61 elementor-widget elementor-widget-image\" data-id=\"0701d61\" data-element_type=\"widget\" data-e-type=\"widget\" data-widget_type=\"image.default\">\n\t\t\t\t<div class=\"elementor-widget-container\">\n\t\t\t\t\t\t\t\t\t\t\t\t\t\t\t\t<a href=\"https:\/\/tinyurl.com\/nexosnews0326\" target=\"_blank\" rel=\"noopener\">\n\t\t\t\t\t\t\t<img loading=\"lazy\" decoding=\"async\" width=\"600\" height=\"600\" src=\"https:\/\/libelula.com.pe\/wp-content\/uploads\/2025\/03\/Nexos-news-Febrero-redes-600x600.jpg\" class=\"attachment-square size-square wp-image-34566\" alt=\"\" srcset=\"https:\/\/libelula.com.pe\/wp-content\/uploads\/2025\/03\/Nexos-news-Febrero-redes-600x600.jpg 600w, https:\/\/libelula.com.pe\/wp-content\/uploads\/2025\/03\/Nexos-news-Febrero-redes-300x300.jpg 300w, https:\/\/libelula.com.pe\/wp-content\/uploads\/2025\/03\/Nexos-news-Febrero-redes-700x700.jpg 700w, https:\/\/libelula.com.pe\/wp-content\/uploads\/2025\/03\/Nexos-news-Febrero-redes-150x150.jpg 150w, https:\/\/libelula.com.pe\/wp-content\/uploads\/2025\/03\/Nexos-news-Febrero-redes-768x768.jpg 768w, https:\/\/libelula.com.pe\/wp-content\/uploads\/2025\/03\/Nexos-news-Febrero-redes.jpg 1080w\" sizes=\"auto, (max-width: 600px) 100vw, 600px\" \/>\t\t\t\t\t\t\t\t<\/a>\n\t\t\t\t\t\t\t\t\t\t\t\t\t\t\t<\/div>\n\t\t\t\t<\/div>\n\t\t\t\t<div class=\"elementor-element elementor-element-ef92186 elementor-widget__width-initial elementor-widget elementor-widget-image\" data-id=\"ef92186\" data-element_type=\"widget\" data-e-type=\"widget\" data-widget_type=\"image.default\">\n\t\t\t\t<div class=\"elementor-widget-container\">\n\t\t\t\t\t\t\t\t\t\t\t\t\t\t\t<img loading=\"lazy\" decoding=\"async\" width=\"300\" height=\"47\" src=\"https:\/\/libelula.com.pe\/wp-content\/uploads\/2019\/10\/nexos-logo-positivo.png\" class=\"attachment-full size-full wp-image-194\" alt=\"\" srcset=\"https:\/\/libelula.com.pe\/wp-content\/uploads\/2019\/10\/nexos-logo-positivo.png 300w, https:\/\/libelula.com.pe\/wp-content\/uploads\/2019\/10\/nexos-logo-positivo-150x24.png 150w\" sizes=\"auto, (max-width: 300px) 100vw, 300px\" \/>\t\t\t\t\t\t\t\t\t\t\t\t\t\t\t<\/div>\n\t\t\t\t<\/div>\n\t\t\t\t<div class=\"elementor-element elementor-element-5f10f50 elementor-widget elementor-widget-heading\" data-id=\"5f10f50\" data-element_type=\"widget\" data-e-type=\"widget\" data-widget_type=\"heading.default\">\n\t\t\t\t<div class=\"elementor-widget-container\">\n\t\t\t\t\t<span class=\"elementor-heading-title elementor-size-medium\"><a href=\"https:\/\/tinyurl.com\/nexosnews0326\" target=\"_blank\" rel=\"noopener\">nexos+1 NEWS<\/a><\/span>\t\t\t\t<\/div>\n\t\t\t\t<\/div>\n\t\t\t\t\t<\/div>\n\t\t<\/div>\n\t\t\t\t<div class=\"elementor-column elementor-col-50 elementor-inner-column elementor-element elementor-element-4da4e41\" data-id=\"4da4e41\" data-element_type=\"column\" data-e-type=\"column\" data-settings=\"{&quot;background_background&quot;:&quot;classic&quot;}\">\n\t\t\t<div class=\"elementor-widget-wrap elementor-element-populated\">\n\t\t\t\t\t\t<div class=\"elementor-element elementor-element-e25a175 elementor-widget elementor-widget-image\" data-id=\"e25a175\" data-element_type=\"widget\" data-e-type=\"widget\" data-widget_type=\"image.default\">\n\t\t\t\t<div class=\"elementor-widget-container\">\n\t\t\t\t\t\t\t\t\t\t\t\t\t\t\t\t<a href=\"https:\/\/libelula.com.pe\/en\/year-in-review-2025\/\" target=\"_blank\">\n\t\t\t\t\t\t\t<img loading=\"lazy\" decoding=\"async\" width=\"600\" height=\"600\" src=\"https:\/\/libelula.com.pe\/wp-content\/uploads\/2026\/02\/yirlinkbiode-trabajo-1-600x600.png\" class=\"attachment-square size-square wp-image-201681 not-transparent\" alt=\"\" srcset=\"https:\/\/libelula.com.pe\/wp-content\/uploads\/2026\/02\/yirlinkbiode-trabajo-1-600x600.png 600w, https:\/\/libelula.com.pe\/wp-content\/uploads\/2026\/02\/yirlinkbiode-trabajo-1-300x300.png 300w, https:\/\/libelula.com.pe\/wp-content\/uploads\/2026\/02\/yirlinkbiode-trabajo-1-700x700.png 700w, https:\/\/libelula.com.pe\/wp-content\/uploads\/2026\/02\/yirlinkbiode-trabajo-1-150x150.png 150w, https:\/\/libelula.com.pe\/wp-content\/uploads\/2026\/02\/yirlinkbiode-trabajo-1-768x768.png 768w, https:\/\/libelula.com.pe\/wp-content\/uploads\/2026\/02\/yirlinkbiode-trabajo-1-12x12.png 12w, https:\/\/libelula.com.pe\/wp-content\/uploads\/2026\/02\/yirlinkbiode-trabajo-1.png 1200w\" sizes=\"auto, (max-width: 600px) 100vw, 600px\" data-has-transparency=\"false\" data-dominant-color=\"56686e\" style=\"--dominant-color: #56686e\" \/>\t\t\t\t\t\t\t\t<\/a>\n\t\t\t\t\t\t\t\t\t\t\t\t\t\t\t<\/div>\n\t\t\t\t<\/div>\n\t\t\t\t<div class=\"elementor-element elementor-element-177079e elementor-widget elementor-widget-heading\" data-id=\"177079e\" data-element_type=\"widget\" data-e-type=\"widget\" data-widget_type=\"heading.default\">\n\t\t\t\t<div class=\"elementor-widget-container\">\n\t\t\t\t\t<span class=\"elementor-heading-title elementor-size-medium\"><a href=\"https:\/\/libelula.com.pe\/en\/year-in-review-2025\/\">Year in Review 2025<\/a><\/span>\t\t\t\t<\/div>\n\t\t\t\t<\/div>\n\t\t\t\t\t<\/div>\n\t\t<\/div>\n\t\t\t\t\t<\/div>\n\t\t<\/section>\n\t\t\t\t\t<\/div>\n\t\t<\/div>\n\t\t\t\t\t<\/div>\n\t\t<\/section>\n\t\t\t\t<section class=\"elementor-section elementor-top-section elementor-element elementor-element-196d724 elementor-section-boxed elementor-section-height-default elementor-section-height-default\" data-id=\"196d724\" data-element_type=\"section\" data-e-type=\"section\">\n\t\t\t\t\t\t<div class=\"elementor-container elementor-column-gap-default\">\n\t\t\t\t\t<div class=\"elementor-column elementor-col-50 elementor-top-column elementor-element elementor-element-f3b7a9e\" data-id=\"f3b7a9e\" data-element_type=\"column\" data-e-type=\"column\">\n\t\t\t<div class=\"elementor-widget-wrap elementor-element-populated\">\n\t\t\t\t\t\t<div class=\"elementor-element elementor-element-a2e650d elementor-widget elementor-widget-image\" data-id=\"a2e650d\" data-element_type=\"widget\" data-e-type=\"widget\" data-widget_type=\"image.default\">\n\t\t\t\t<div class=\"elementor-widget-container\">\n\t\t\t\t\t\t\t\t\t\t\t\t\t\t\t\t<a href=\"https:\/\/calculatuhuella.pe\" target=\"_blank\" rel=\"noopener\">\n\t\t\t\t\t\t\t<img loading=\"lazy\" decoding=\"async\" width=\"600\" height=\"600\" src=\"https:\/\/libelula.com.pe\/wp-content\/uploads\/2024\/07\/Captura-de-pantalla-2024-07-03-191631-600x600.png\" class=\"attachment-square size-square wp-image-27756\" alt=\"\" srcset=\"https:\/\/libelula.com.pe\/wp-content\/uploads\/2024\/07\/Captura-de-pantalla-2024-07-03-191631-600x600.png 600w, https:\/\/libelula.com.pe\/wp-content\/uploads\/2024\/07\/Captura-de-pantalla-2024-07-03-191631-150x149.png 150w\" sizes=\"auto, (max-width: 600px) 100vw, 600px\" \/>\t\t\t\t\t\t\t\t<\/a>\n\t\t\t\t\t\t\t\t\t\t\t\t\t\t\t<\/div>\n\t\t\t\t<\/div>\n\t\t\t\t<div class=\"elementor-element elementor-element-a0b538d elementor-widget elementor-widget-heading\" data-id=\"a0b538d\" data-element_type=\"widget\" data-e-type=\"widget\" data-widget_type=\"heading.default\">\n\t\t\t\t<div class=\"elementor-widget-container\">\n\t\t\t\t\t<span class=\"elementor-heading-title elementor-size-medium\">Calculate your carbon footprint<\/span>\t\t\t\t<\/div>\n\t\t\t\t<\/div>\n\t\t\t\t\t<\/div>\n\t\t<\/div>\n\t\t\t\t<div class=\"elementor-column elementor-col-50 elementor-top-column elementor-element elementor-element-7906bd2\" data-id=\"7906bd2\" data-element_type=\"column\" data-e-type=\"column\">\n\t\t\t<div class=\"elementor-widget-wrap elementor-element-populated\">\n\t\t\t\t\t\t<div class=\"elementor-element elementor-element-4a009fe elementor-widget elementor-widget-image\" data-id=\"4a009fe\" data-element_type=\"widget\" data-e-type=\"widget\" data-widget_type=\"image.default\">\n\t\t\t\t<div class=\"elementor-widget-container\">\n\t\t\t\t\t\t\t\t\t\t\t\t\t\t\t\t<a href=\"https:\/\/bit.ly\/semiembronexos\" target=\"_blank\" rel=\"noopener\">\n\t\t\t\t\t\t\t<img loading=\"lazy\" decoding=\"async\" width=\"600\" height=\"600\" src=\"https:\/\/libelula.com.pe\/wp-content\/uploads\/2024\/07\/451412158_492315450046332_6336604949805279888_n-600x600.jpg\" class=\"attachment-square size-square wp-image-27982\" alt=\"\" srcset=\"https:\/\/libelula.com.pe\/wp-content\/uploads\/2024\/07\/451412158_492315450046332_6336604949805279888_n-600x600.jpg 600w, https:\/\/libelula.com.pe\/wp-content\/uploads\/2024\/07\/451412158_492315450046332_6336604949805279888_n-300x300.jpg 300w, https:\/\/libelula.com.pe\/wp-content\/uploads\/2024\/07\/451412158_492315450046332_6336604949805279888_n-700x700.jpg 700w, https:\/\/libelula.com.pe\/wp-content\/uploads\/2024\/07\/451412158_492315450046332_6336604949805279888_n-150x150.jpg 150w, https:\/\/libelula.com.pe\/wp-content\/uploads\/2024\/07\/451412158_492315450046332_6336604949805279888_n-768x768.jpg 768w, https:\/\/libelula.com.pe\/wp-content\/uploads\/2024\/07\/451412158_492315450046332_6336604949805279888_n-1536x1536.jpg 1536w, https:\/\/libelula.com.pe\/wp-content\/uploads\/2024\/07\/451412158_492315450046332_6336604949805279888_n.jpg 2048w\" sizes=\"auto, (max-width: 600px) 100vw, 600px\" \/>\t\t\t\t\t\t\t\t<\/a>\n\t\t\t\t\t\t\t\t\t\t\t\t\t\t\t<\/div>\n\t\t\t\t<\/div>\n\t\t\t\t<div class=\"elementor-element elementor-element-ec7a224 elementor-widget elementor-widget-heading\" data-id=\"ec7a224\" data-element_type=\"widget\" data-e-type=\"widget\" data-widget_type=\"heading.default\">\n\t\t\t\t<div class=\"elementor-widget-container\">\n\t\t\t\t\t<span class=\"elementor-heading-title elementor-size-medium\">Membership nexos+1<\/span>\t\t\t\t<\/div>\n\t\t\t\t<\/div>\n\t\t\t\t\t<\/div>\n\t\t<\/div>\n\t\t\t\t\t<\/div>\n\t\t<\/section>\n\t\t\t\t<section class=\"elementor-section elementor-top-section elementor-element elementor-element-e5c76c6 elementor-section-boxed elementor-section-height-default elementor-section-height-default\" data-id=\"e5c76c6\" data-element_type=\"section\" data-e-type=\"section\">\n\t\t\t\t\t\t<div class=\"elementor-container elementor-column-gap-default\">\n\t\t\t\t\t<div class=\"elementor-column elementor-col-100 elementor-top-column elementor-element elementor-element-bb310d7\" data-id=\"bb310d7\" data-element_type=\"column\" data-e-type=\"column\">\n\t\t\t<div class=\"elementor-widget-wrap\">\n\t\t\t\t\t\t\t<\/div>\n\t\t<\/div>\n\t\t\t\t\t<\/div>\n\t\t<\/section>\n\t\t\t\t<section class=\"elementor-section elementor-top-section elementor-element elementor-element-b65e47f elementor-section-boxed elementor-section-height-default elementor-section-height-default\" data-id=\"b65e47f\" data-element_type=\"section\" data-e-type=\"section\">\n\t\t\t\t\t\t<div class=\"elementor-container elementor-column-gap-default\">\n\t\t\t\t\t<div class=\"elementor-column elementor-col-100 elementor-top-column elementor-element elementor-element-6bb4baf\" data-id=\"6bb4baf\" data-element_type=\"column\" data-e-type=\"column\">\n\t\t\t<div class=\"elementor-widget-wrap elementor-element-populated\">\n\t\t\t\t\t\t<div class=\"elementor-element elementor-element-1fa77f8 elementor-widget elementor-widget-heading\" data-id=\"1fa77f8\" data-element_type=\"widget\" data-e-type=\"widget\" data-widget_type=\"heading.default\">\n\t\t\t\t<div class=\"elementor-widget-container\">\n\t\t\t\t\t<h2 class=\"elementor-heading-title elementor-size-default\">Our platforms<\/h2>\t\t\t\t<\/div>\n\t\t\t\t<\/div>\n\t\t\t\t<section class=\"elementor-section elementor-inner-section elementor-element elementor-element-5cd91be elementor-section-content-middle elementor-section-boxed elementor-section-height-default elementor-section-height-default\" data-id=\"5cd91be\" data-element_type=\"section\" data-e-type=\"section\">\n\t\t\t\t\t\t<div class=\"elementor-container elementor-column-gap-default\">\n\t\t\t\t\t<div class=\"elementor-column elementor-col-20 elementor-inner-column elementor-element elementor-element-9448d7b\" data-id=\"9448d7b\" data-element_type=\"column\" data-e-type=\"column\">\n\t\t\t<div class=\"elementor-widget-wrap elementor-element-populated\">\n\t\t\t\t\t\t<div class=\"elementor-element elementor-element-2fb3b0e elementor-widget elementor-widget-image\" data-id=\"2fb3b0e\" data-element_type=\"widget\" data-e-type=\"widget\" data-widget_type=\"image.default\">\n\t\t\t\t<div class=\"elementor-widget-container\">\n\t\t\t\t\t\t\t\t\t\t\t\t\t\t\t\t<a href=\"https:\/\/libelula.com.pe\/en\" target=\"_blank\">\n\t\t\t\t\t\t\t<img loading=\"lazy\" decoding=\"async\" width=\"626\" height=\"179\" src=\"https:\/\/libelula.com.pe\/wp-content\/uploads\/2020\/12\/lbl-logo-completo.png\" class=\"attachment-full size-full wp-image-5308\" alt=\"\" srcset=\"https:\/\/libelula.com.pe\/wp-content\/uploads\/2020\/12\/lbl-logo-completo.png 626w, https:\/\/libelula.com.pe\/wp-content\/uploads\/2020\/12\/lbl-logo-completo-300x86.png 300w, https:\/\/libelula.com.pe\/wp-content\/uploads\/2020\/12\/lbl-logo-completo-150x43.png 150w\" sizes=\"auto, (max-width: 626px) 100vw, 626px\" \/>\t\t\t\t\t\t\t\t<\/a>\n\t\t\t\t\t\t\t\t\t\t\t\t\t\t\t<\/div>\n\t\t\t\t<\/div>\n\t\t\t\t\t<\/div>\n\t\t<\/div>\n\t\t\t\t<div class=\"elementor-column elementor-col-20 elementor-inner-column elementor-element elementor-element-c87cdea\" data-id=\"c87cdea\" data-element_type=\"column\" data-e-type=\"column\">\n\t\t\t<div class=\"elementor-widget-wrap elementor-element-populated\">\n\t\t\t\t\t\t<div class=\"elementor-element elementor-element-342bc1a elementor-widget elementor-widget-image\" data-id=\"342bc1a\" data-element_type=\"widget\" data-e-type=\"widget\" data-widget_type=\"image.default\">\n\t\t\t\t<div class=\"elementor-widget-container\">\n\t\t\t\t\t\t\t\t\t\t\t\t\t\t\t\t<a href=\"https:\/\/nexosmasuno.com\" target=\"_blank\" rel=\"noopener\">\n\t\t\t\t\t\t\t<img loading=\"lazy\" decoding=\"async\" width=\"300\" height=\"47\" src=\"https:\/\/libelula.com.pe\/wp-content\/uploads\/2019\/10\/nexos-logo-positivo.png\" class=\"attachment-full size-full wp-image-194\" alt=\"\" srcset=\"https:\/\/libelula.com.pe\/wp-content\/uploads\/2019\/10\/nexos-logo-positivo.png 300w, https:\/\/libelula.com.pe\/wp-content\/uploads\/2019\/10\/nexos-logo-positivo-150x24.png 150w\" sizes=\"auto, (max-width: 300px) 100vw, 300px\" \/>\t\t\t\t\t\t\t\t<\/a>\n\t\t\t\t\t\t\t\t\t\t\t\t\t\t\t<\/div>\n\t\t\t\t<\/div>\n\t\t\t\t\t<\/div>\n\t\t<\/div>\n\t\t\t\t<div class=\"elementor-column elementor-col-20 elementor-inner-column elementor-element elementor-element-1bb0db1\" data-id=\"1bb0db1\" data-element_type=\"column\" data-e-type=\"column\">\n\t\t\t<div class=\"elementor-widget-wrap elementor-element-populated\">\n\t\t\t\t\t\t<div class=\"elementor-element elementor-element-f36b1bf elementor-widget elementor-widget-image\" data-id=\"f36b1bf\" data-element_type=\"widget\" data-e-type=\"widget\" data-widget_type=\"image.default\">\n\t\t\t\t<div class=\"elementor-widget-container\">\n\t\t\t\t\t\t\t\t\t\t\t\t\t\t\t\t<a href=\"https:\/\/ledslac.org\/\" target=\"_blank\" rel=\"noopener\">\n\t\t\t\t\t\t\t<img loading=\"lazy\" decoding=\"async\" width=\"350\" height=\"101\" src=\"https:\/\/libelula.com.pe\/wp-content\/uploads\/2019\/10\/ledslac-logo-positivo.png\" class=\"attachment-full size-full wp-image-198\" alt=\"\" srcset=\"https:\/\/libelula.com.pe\/wp-content\/uploads\/2019\/10\/ledslac-logo-positivo.png 350w, https:\/\/libelula.com.pe\/wp-content\/uploads\/2019\/10\/ledslac-logo-positivo-300x87.png 300w, https:\/\/libelula.com.pe\/wp-content\/uploads\/2019\/10\/ledslac-logo-positivo-150x43.png 150w\" sizes=\"auto, (max-width: 350px) 100vw, 350px\" \/>\t\t\t\t\t\t\t\t<\/a>\n\t\t\t\t\t\t\t\t\t\t\t\t\t\t\t<\/div>\n\t\t\t\t<\/div>\n\t\t\t\t\t<\/div>\n\t\t<\/div>\n\t\t\t\t<div class=\"elementor-column elementor-col-20 elementor-inner-column elementor-element elementor-element-ff59b71\" data-id=\"ff59b71\" data-element_type=\"column\" data-e-type=\"column\">\n\t\t\t<div class=\"elementor-widget-wrap elementor-element-populated\">\n\t\t\t\t\t\t<div class=\"elementor-element elementor-element-249728f elementor-widget elementor-widget-image\" data-id=\"249728f\" data-element_type=\"widget\" data-e-type=\"widget\" data-widget_type=\"image.default\">\n\t\t\t\t<div class=\"elementor-widget-container\">\n\t\t\t\t\t\t\t\t\t\t\t\t\t\t\t\t<a href=\"https:\/\/economiaverde.pe\/\" target=\"_blank\" rel=\"noopener\">\n\t\t\t\t\t\t\t<img loading=\"lazy\" decoding=\"async\" width=\"380\" height=\"111\" src=\"https:\/\/libelula.com.pe\/wp-content\/uploads\/2019\/12\/economia-verde-logo.png\" class=\"attachment-full size-full wp-image-1326\" alt=\"\" srcset=\"https:\/\/libelula.com.pe\/wp-content\/uploads\/2019\/12\/economia-verde-logo.png 380w, https:\/\/libelula.com.pe\/wp-content\/uploads\/2019\/12\/economia-verde-logo-300x88.png 300w, https:\/\/libelula.com.pe\/wp-content\/uploads\/2019\/12\/economia-verde-logo-150x44.png 150w\" sizes=\"auto, (max-width: 380px) 100vw, 380px\" \/>\t\t\t\t\t\t\t\t<\/a>\n\t\t\t\t\t\t\t\t\t\t\t\t\t\t\t<\/div>\n\t\t\t\t<\/div>\n\t\t\t\t\t<\/div>\n\t\t<\/div>\n\t\t\t\t<div class=\"elementor-column elementor-col-20 elementor-inner-column elementor-element elementor-element-8a6fe9a\" data-id=\"8a6fe9a\" data-element_type=\"column\" data-e-type=\"column\">\n\t\t\t<div class=\"elementor-widget-wrap elementor-element-populated\">\n\t\t\t\t\t\t<div class=\"elementor-element elementor-element-f92f09c elementor-widget elementor-widget-image\" data-id=\"f92f09c\" data-element_type=\"widget\" data-e-type=\"widget\" data-widget_type=\"image.default\">\n\t\t\t\t<div class=\"elementor-widget-container\">\n\t\t\t\t\t\t\t\t\t\t\t\t\t\t\t\t<a href=\"https:\/\/conexioncop.com\/\" target=\"_blank\" rel=\"noopener\">\n\t\t\t\t\t\t\t<img loading=\"lazy\" decoding=\"async\" width=\"400\" height=\"49\" src=\"https:\/\/libelula.com.pe\/wp-content\/uploads\/2019\/10\/conexioncop-logo-positivo.png\" class=\"attachment-full size-full wp-image-206\" alt=\"\" srcset=\"https:\/\/libelula.com.pe\/wp-content\/uploads\/2019\/10\/conexioncop-logo-positivo.png 400w, https:\/\/libelula.com.pe\/wp-content\/uploads\/2019\/10\/conexioncop-logo-positivo-300x37.png 300w, https:\/\/libelula.com.pe\/wp-content\/uploads\/2019\/10\/conexioncop-logo-positivo-150x18.png 150w\" sizes=\"auto, (max-width: 400px) 100vw, 400px\" \/>\t\t\t\t\t\t\t\t<\/a>\n\t\t\t\t\t\t\t\t\t\t\t\t\t\t\t<\/div>\n\t\t\t\t<\/div>\n\t\t\t\t\t<\/div>\n\t\t<\/div>\n\t\t\t\t\t<\/div>\n\t\t<\/section>\n\t\t\t\t<div class=\"elementor-element elementor-element-96272b2 elementor-widget elementor-widget-heading\" data-id=\"96272b2\" data-element_type=\"widget\" data-e-type=\"widget\" data-widget_type=\"heading.default\">\n\t\t\t\t<div class=\"elementor-widget-container\">\n\t\t\t\t\t<h2 class=\"elementor-heading-title elementor-size-default\">Follow us also on:<\/h2>\t\t\t\t<\/div>\n\t\t\t\t<\/div>\n\t\t\t\t<div class=\"elementor-element elementor-element-005c10f elementor-shape-rounded elementor-grid-0 e-grid-align-center elementor-widget elementor-widget-social-icons\" data-id=\"005c10f\" data-element_type=\"widget\" data-e-type=\"widget\" data-widget_type=\"social-icons.default\">\n\t\t\t\t<div class=\"elementor-widget-container\">\n\t\t\t\t\t\t\t<div class=\"elementor-social-icons-wrapper elementor-grid\" role=\"list\">\n\t\t\t\t\t\t\t<span class=\"elementor-grid-item\" role=\"listitem\">\n\t\t\t\t\t<a class=\"elementor-icon elementor-social-icon elementor-social-icon-instagram elementor-animation-grow elementor-repeater-item-b95ee87\" href=\"https:\/\/www.instagram.com\/libelulacomunidad\/\" target=\"_blank\" rel=\"noopener\">\n\t\t\t\t\t\t<span class=\"elementor-screen-only\">Instagram<\/span>\n\t\t\t\t\t\t<i aria-hidden=\"true\" class=\"fab fa-instagram\"><\/i>\t\t\t\t\t<\/a>\n\t\t\t\t<\/span>\n\t\t\t\t\t\t\t<span class=\"elementor-grid-item\" role=\"listitem\">\n\t\t\t\t\t<a class=\"elementor-icon elementor-social-icon elementor-social-icon-twitter elementor-animation-grow elementor-repeater-item-b36d611\" href=\"https:\/\/twitter.com\/LibelulaPeru\" target=\"_blank\" rel=\"noopener\">\n\t\t\t\t\t\t<span class=\"elementor-screen-only\">Twitter<\/span>\n\t\t\t\t\t\t<i aria-hidden=\"true\" class=\"fab fa-twitter\"><\/i>\t\t\t\t\t<\/a>\n\t\t\t\t<\/span>\n\t\t\t\t\t\t\t<span class=\"elementor-grid-item\" role=\"listitem\">\n\t\t\t\t\t<a class=\"elementor-icon elementor-social-icon elementor-social-icon-facebook elementor-animation-grow elementor-repeater-item-3e29ed3\" href=\"https:\/\/facebook.com\/LibelulaComunidad\" target=\"_blank\" rel=\"noopener\">\n\t\t\t\t\t\t<span class=\"elementor-screen-only\">Facebook<\/span>\n\t\t\t\t\t\t<i aria-hidden=\"true\" class=\"fab fa-facebook\"><\/i>\t\t\t\t\t<\/a>\n\t\t\t\t<\/span>\n\t\t\t\t\t\t\t<span class=\"elementor-grid-item\" role=\"listitem\">\n\t\t\t\t\t<a class=\"elementor-icon elementor-social-icon elementor-social-icon-linkedin elementor-animation-grow elementor-repeater-item-1c8253c\" href=\"https:\/\/www.linkedin.com\/company\/libelula\" target=\"_blank\" rel=\"noopener\">\n\t\t\t\t\t\t<span class=\"elementor-screen-only\">Linkedin<\/span>\n\t\t\t\t\t\t<i aria-hidden=\"true\" class=\"fab fa-linkedin\"><\/i>\t\t\t\t\t<\/a>\n\t\t\t\t<\/span>\n\t\t\t\t\t<\/div>\n\t\t\t\t\t\t<\/div>\n\t\t\t\t<\/div>\n\t\t\t\t\t<\/div>\n\t\t<\/div>\n\t\t\t\t\t<\/div>\n\t\t<\/section>\n\t\t\t\t<\/div>","protected":false},"excerpt":{"rendered":"@libelulacomunidad nexos+1 NEWS Year in Review 2025 Calcula tu huella de carbono Membres\u00eda nexos+1 Nuestras plataformas S\u00edguenos tambi\u00e9n en: Instagram&#8230; <a class=\"view-article\" href=\"https:\/\/libelula.com.pe\/en\/links\/\">Read more<\/a>","protected":false},"author":1,"featured_media":0,"parent":0,"menu_order":0,"comment_status":"closed","ping_status":"closed","template":"elementor_canvas","meta":{"_acf_changed":false,"footnotes":""},"class_list":["post-6937","page","type-page","status-publish","hentry"],"acf":[],"_links":{"self":[{"href":"https:\/\/libelula.com.pe\/en\/wp-json\/wp\/v2\/pages\/6937","targetHints":{"allow":["GET"]}}],"collection":[{"href":"https:\/\/libelula.com.pe\/en\/wp-json\/wp\/v2\/pages"}],"about":[{"href":"https:\/\/libelula.com.pe\/en\/wp-json\/wp\/v2\/types\/page"}],"author":[{"embeddable":true,"href":"https:\/\/libelula.com.pe\/en\/wp-json\/wp\/v2\/users\/1"}],"replies":[{"embeddable":true,"href":"https:\/\/libelula.com.pe\/en\/wp-json\/wp\/v2\/comments?post=6937"}],"version-history":[{"count":495,"href":"https:\/\/libelula.com.pe\/en\/wp-json\/wp\/v2\/pages\/6937\/revisions"}],"predecessor-version":[{"id":202109,"href":"https:\/\/libelula.com.pe\/en\/wp-json\/wp\/v2\/pages\/6937\/revisions\/202109"}],"wp:attachment":[{"href":"https:\/\/libelula.com.pe\/en\/wp-json\/wp\/v2\/media?parent=6937"}],"curies":[{"name":"wp","href":"https:\/\/api.w.org\/{rel}","templated":true}]}}