{"id":21679,"date":"2023-06-21T11:06:14","date_gmt":"2023-06-21T16:06:14","guid":{"rendered":"https:\/\/libelula.com.pe\/?page_id=21679"},"modified":"2023-06-21T11:32:11","modified_gmt":"2023-06-21T16:32:11","slug":"diagnostico-de-impacto-ambiental-huella-de-carbono","status":"publish","type":"page","link":"https:\/\/libelula.com.pe\/en\/diagnostico-de-impacto-ambiental-huella-de-carbono\/","title":{"rendered":"Environmental impact assessment <br> Carbon footprint"},"content":{"rendered":"<div data-elementor-type=\"wp-page\" data-elementor-id=\"21679\" class=\"elementor elementor-21679\" data-elementor-post-type=\"page\">\n\t\t\t\t\t\t<section class=\"elementor-section elementor-top-section elementor-element elementor-element-fb514c9 elementor-section-boxed elementor-section-height-default elementor-section-height-default\" data-id=\"fb514c9\" data-element_type=\"section\" data-e-type=\"section\">\n\t\t\t\t\t\t<div class=\"elementor-container elementor-column-gap-default\">\n\t\t\t\t\t<div class=\"elementor-column elementor-col-100 elementor-top-column elementor-element elementor-element-6cf0d08\" data-id=\"6cf0d08\" data-element_type=\"column\" data-e-type=\"column\">\n\t\t\t<div class=\"elementor-widget-wrap elementor-element-populated\">\n\t\t\t\t\t\t<div class=\"elementor-element elementor-element-f66a6ac elementor-widget elementor-widget-heading\" data-id=\"f66a6ac\" data-element_type=\"widget\" data-e-type=\"widget\" data-widget_type=\"heading.default\">\n\t\t\t\t<div class=\"elementor-widget-container\">\n\t\t\t\t\t<h2 class=\"elementor-heading-title elementor-size-default\">Know the impact on your organization's emissions<\/h2>\t\t\t\t<\/div>\n\t\t\t\t<\/div>\n\t\t\t\t<div class=\"elementor-element elementor-element-1e4b570 elementor-widget elementor-widget-text-editor\" data-id=\"1e4b570\" data-element_type=\"widget\" data-e-type=\"widget\" data-widget_type=\"text-editor.default\">\n\t\t\t\t<div class=\"elementor-widget-container\">\n\t\t\t\t\t\t\t\t\t<p>Carbon footprint measurement is the environmental diagnosis that quantifies the impact of direct or indirect actions of individuals, organizations, events or products. Measuring the Footprint allows organizations to know their impact and also to measure the evolution of the implementation of strategies aimed at its reduction.<\/p><p>Measuring the footprint not only has environmental benefits, but also economic ones, since detecting the activities where energy or other resources are being used inefficiently allows differentiating the company from its competitors and identifying opportunities for improvement, as well as reducing costs.<\/p>\t\t\t\t\t\t\t\t<\/div>\n\t\t\t\t<\/div>\n\t\t\t\t<div class=\"elementor-element elementor-element-43a7095 elementor-widget elementor-widget-heading\" data-id=\"43a7095\" data-element_type=\"widget\" data-e-type=\"widget\" data-widget_type=\"heading.default\">\n\t\t\t\t<div class=\"elementor-widget-container\">\n\t\t\t\t\t<h2 class=\"elementor-heading-title elementor-size-default\">Some of our clients<\/h2>\t\t\t\t<\/div>\n\t\t\t\t<\/div>\n\t\t\t\t<section class=\"elementor-section elementor-inner-section elementor-element elementor-element-c3585f3 elementor-section-boxed elementor-section-height-default elementor-section-height-default\" data-id=\"c3585f3\" data-element_type=\"section\" data-e-type=\"section\">\n\t\t\t\t\t\t<div class=\"elementor-container elementor-column-gap-default\">\n\t\t\t\t\t<div class=\"elementor-column elementor-col-16 elementor-inner-column elementor-element elementor-element-41027b8\" data-id=\"41027b8\" data-element_type=\"column\" data-e-type=\"column\">\n\t\t\t<div class=\"elementor-widget-wrap elementor-element-populated\">\n\t\t\t\t\t\t<div class=\"elementor-element elementor-element-9664482 elementor-widget elementor-widget-image\" data-id=\"9664482\" data-element_type=\"widget\" data-e-type=\"widget\" data-widget_type=\"image.default\">\n\t\t\t\t<div class=\"elementor-widget-container\">\n\t\t\t\t\t\t\t\t\t\t\t\t\t\t\t\t<a href=\"https:\/\/www.viabcp.com\/\" target=\"_blank\" rel=\"noopener\">\n\t\t\t\t\t\t\t<img loading=\"lazy\" decoding=\"async\" width=\"800\" height=\"800\" src=\"https:\/\/libelula.com.pe\/wp-content\/uploads\/2020\/01\/bcp-logo.png\" class=\"attachment-full size-full wp-image-3235\" alt=\"\" srcset=\"https:\/\/libelula.com.pe\/wp-content\/uploads\/2020\/01\/bcp-logo.png 800w, https:\/\/libelula.com.pe\/wp-content\/uploads\/2020\/01\/bcp-logo-300x300.png 300w, https:\/\/libelula.com.pe\/wp-content\/uploads\/2020\/01\/bcp-logo-700x700.png 700w, https:\/\/libelula.com.pe\/wp-content\/uploads\/2020\/01\/bcp-logo-150x150.png 150w, https:\/\/libelula.com.pe\/wp-content\/uploads\/2020\/01\/bcp-logo-768x768.png 768w, https:\/\/libelula.com.pe\/wp-content\/uploads\/2020\/01\/bcp-logo-600x600.png 600w\" sizes=\"auto, (max-width: 800px) 100vw, 800px\" \/>\t\t\t\t\t\t\t\t<\/a>\n\t\t\t\t\t\t\t\t\t\t\t\t\t\t\t<\/div>\n\t\t\t\t<\/div>\n\t\t\t\t\t<\/div>\n\t\t<\/div>\n\t\t\t\t<div class=\"elementor-column elementor-col-16 elementor-inner-column elementor-element elementor-element-eba61e7\" data-id=\"eba61e7\" data-element_type=\"column\" data-e-type=\"column\">\n\t\t\t<div class=\"elementor-widget-wrap elementor-element-populated\">\n\t\t\t\t\t\t<div class=\"elementor-element elementor-element-6cffa22 elementor-widget elementor-widget-image\" data-id=\"6cffa22\" data-element_type=\"widget\" data-e-type=\"widget\" data-widget_type=\"image.default\">\n\t\t\t\t<div class=\"elementor-widget-container\">\n\t\t\t\t\t\t\t\t\t\t\t\t\t\t\t\t<a href=\"https:\/\/entel.pe\/\" target=\"_blank\" rel=\"noopener\">\n\t\t\t\t\t\t\t<img loading=\"lazy\" decoding=\"async\" width=\"1200\" height=\"1200\" src=\"https:\/\/libelula.com.pe\/wp-content\/uploads\/2019\/11\/entel-logo.jpg\" class=\"attachment-full size-full wp-image-348\" alt=\"\" srcset=\"https:\/\/libelula.com.pe\/wp-content\/uploads\/2019\/11\/entel-logo.jpg 1200w, https:\/\/libelula.com.pe\/wp-content\/uploads\/2019\/11\/entel-logo-300x300.jpg 300w, https:\/\/libelula.com.pe\/wp-content\/uploads\/2019\/11\/entel-logo-700x700.jpg 700w, https:\/\/libelula.com.pe\/wp-content\/uploads\/2019\/11\/entel-logo-150x150.jpg 150w, https:\/\/libelula.com.pe\/wp-content\/uploads\/2019\/11\/entel-logo-768x768.jpg 768w, https:\/\/libelula.com.pe\/wp-content\/uploads\/2019\/11\/entel-logo-600x600.jpg 600w\" sizes=\"auto, (max-width: 1200px) 100vw, 1200px\" \/>\t\t\t\t\t\t\t\t<\/a>\n\t\t\t\t\t\t\t\t\t\t\t\t\t\t\t<\/div>\n\t\t\t\t<\/div>\n\t\t\t\t\t<\/div>\n\t\t<\/div>\n\t\t\t\t<div class=\"elementor-column elementor-col-16 elementor-inner-column elementor-element elementor-element-a277fc4\" data-id=\"a277fc4\" data-element_type=\"column\" data-e-type=\"column\">\n\t\t\t<div class=\"elementor-widget-wrap elementor-element-populated\">\n\t\t\t\t\t\t<div class=\"elementor-element elementor-element-9bbd8ea elementor-widget elementor-widget-image\" data-id=\"9bbd8ea\" data-element_type=\"widget\" data-e-type=\"widget\" data-widget_type=\"image.default\">\n\t\t\t\t<div class=\"elementor-widget-container\">\n\t\t\t\t\t\t\t\t\t\t\t\t\t\t\t\t<a href=\"https:\/\/libelula.com.pe\/wp-content\/uploads\/2020\/01\/logo-hotel-libertador.jpg\" target=\"_blank\">\n\t\t\t\t\t\t\t<img loading=\"lazy\" decoding=\"async\" width=\"600\" height=\"600\" src=\"https:\/\/libelula.com.pe\/wp-content\/uploads\/2020\/01\/logo-hotel-libertador.jpg\" class=\"attachment-full size-full wp-image-2971\" alt=\"\" srcset=\"https:\/\/libelula.com.pe\/wp-content\/uploads\/2020\/01\/logo-hotel-libertador.jpg 600w, https:\/\/libelula.com.pe\/wp-content\/uploads\/2020\/01\/logo-hotel-libertador-300x300.jpg 300w, https:\/\/libelula.com.pe\/wp-content\/uploads\/2020\/01\/logo-hotel-libertador-150x150.jpg 150w\" sizes=\"auto, (max-width: 600px) 100vw, 600px\" \/>\t\t\t\t\t\t\t\t<\/a>\n\t\t\t\t\t\t\t\t\t\t\t\t\t\t\t<\/div>\n\t\t\t\t<\/div>\n\t\t\t\t\t<\/div>\n\t\t<\/div>\n\t\t\t\t<div class=\"elementor-column elementor-col-16 elementor-inner-column elementor-element elementor-element-bb2d630\" data-id=\"bb2d630\" data-element_type=\"column\" data-e-type=\"column\">\n\t\t\t<div class=\"elementor-widget-wrap elementor-element-populated\">\n\t\t\t\t\t\t<div class=\"elementor-element elementor-element-922b196 elementor-widget elementor-widget-image\" data-id=\"922b196\" data-element_type=\"widget\" data-e-type=\"widget\" data-widget_type=\"image.default\">\n\t\t\t\t<div class=\"elementor-widget-container\">\n\t\t\t\t\t\t\t\t\t\t\t\t\t\t\t\t<a href=\"https:\/\/pacifico.com.pe\/\" target=\"_blank\" rel=\"noopener\">\n\t\t\t\t\t\t\t<img loading=\"lazy\" decoding=\"async\" width=\"400\" height=\"400\" src=\"https:\/\/libelula.com.pe\/wp-content\/uploads\/2019\/11\/pacifico-logo.jpg\" class=\"attachment-full size-full wp-image-346\" alt=\"\" srcset=\"https:\/\/libelula.com.pe\/wp-content\/uploads\/2019\/11\/pacifico-logo.jpg 400w, https:\/\/libelula.com.pe\/wp-content\/uploads\/2019\/11\/pacifico-logo-300x300.jpg 300w, https:\/\/libelula.com.pe\/wp-content\/uploads\/2019\/11\/pacifico-logo-150x150.jpg 150w\" sizes=\"auto, (max-width: 400px) 100vw, 400px\" \/>\t\t\t\t\t\t\t\t<\/a>\n\t\t\t\t\t\t\t\t\t\t\t\t\t\t\t<\/div>\n\t\t\t\t<\/div>\n\t\t\t\t\t<\/div>\n\t\t<\/div>\n\t\t\t\t<div class=\"elementor-column elementor-col-16 elementor-inner-column elementor-element elementor-element-f97ed5a\" data-id=\"f97ed5a\" data-element_type=\"column\" data-e-type=\"column\">\n\t\t\t<div class=\"elementor-widget-wrap elementor-element-populated\">\n\t\t\t\t\t\t<div class=\"elementor-element elementor-element-58b5686 elementor-widget elementor-widget-image\" data-id=\"58b5686\" data-element_type=\"widget\" data-e-type=\"widget\" data-widget_type=\"image.default\">\n\t\t\t\t<div class=\"elementor-widget-container\">\n\t\t\t\t\t\t\t\t\t\t\t\t\t\t\t\t<a href=\"https:\/\/www.prima.com.pe\/\" target=\"_blank\" rel=\"noopener\">\n\t\t\t\t\t\t\t<img loading=\"lazy\" decoding=\"async\" width=\"600\" height=\"600\" src=\"https:\/\/libelula.com.pe\/wp-content\/uploads\/2019\/12\/primaafp-logo.png\" class=\"attachment-full size-full wp-image-1574\" alt=\"\" srcset=\"https:\/\/libelula.com.pe\/wp-content\/uploads\/2019\/12\/primaafp-logo.png 600w, https:\/\/libelula.com.pe\/wp-content\/uploads\/2019\/12\/primaafp-logo-300x300.png 300w, https:\/\/libelula.com.pe\/wp-content\/uploads\/2019\/12\/primaafp-logo-150x150.png 150w\" sizes=\"auto, (max-width: 600px) 100vw, 600px\" \/>\t\t\t\t\t\t\t\t<\/a>\n\t\t\t\t\t\t\t\t\t\t\t\t\t\t\t<\/div>\n\t\t\t\t<\/div>\n\t\t\t\t\t<\/div>\n\t\t<\/div>\n\t\t\t\t<div class=\"elementor-column elementor-col-16 elementor-inner-column elementor-element elementor-element-0838675\" data-id=\"0838675\" data-element_type=\"column\" data-e-type=\"column\">\n\t\t\t<div class=\"elementor-widget-wrap elementor-element-populated\">\n\t\t\t\t\t\t<div class=\"elementor-element elementor-element-22686ce elementor-widget elementor-widget-image\" data-id=\"22686ce\" data-element_type=\"widget\" data-e-type=\"widget\" data-widget_type=\"image.default\">\n\t\t\t\t<div class=\"elementor-widget-container\">\n\t\t\t\t\t\t\t\t\t\t\t\t\t\t\t\t<a href=\"https:\/\/www.rimac.com\/\" target=\"_blank\" rel=\"noopener\">\n\t\t\t\t\t\t\t<img loading=\"lazy\" decoding=\"async\" width=\"600\" height=\"600\" src=\"https:\/\/libelula.com.pe\/wp-content\/uploads\/2020\/01\/logo-rimac.png\" class=\"attachment-full size-full wp-image-2958\" alt=\"\" srcset=\"https:\/\/libelula.com.pe\/wp-content\/uploads\/2020\/01\/logo-rimac.png 600w, https:\/\/libelula.com.pe\/wp-content\/uploads\/2020\/01\/logo-rimac-300x300.png 300w, https:\/\/libelula.com.pe\/wp-content\/uploads\/2020\/01\/logo-rimac-150x150.png 150w\" sizes=\"auto, (max-width: 600px) 100vw, 600px\" \/>\t\t\t\t\t\t\t\t<\/a>\n\t\t\t\t\t\t\t\t\t\t\t\t\t\t\t<\/div>\n\t\t\t\t<\/div>\n\t\t\t\t\t<\/div>\n\t\t<\/div>\n\t\t\t\t\t<\/div>\n\t\t<\/section>\n\t\t\t\t<div class=\"elementor-element elementor-element-8174775 elementor-widget elementor-widget-html\" data-id=\"8174775\" data-element_type=\"widget\" data-e-type=\"widget\" data-widget_type=\"html.default\">\n\t\t\t\t<div class=\"elementor-widget-container\">\n\t\t\t\t\t<div class=\"col-12\">\r\n\r\n\t\t\t\t\t\t\t\t<div class=\"botonera\">\r\n\r\n\t\t\t\t\t\t\t\t\t\t\t\t\t\t\t\t\t\t\t\t\r\n\t\t\t\t\t\t\t\t\t<a href=\"https:\/\/libelula.com.pe\/en\/contacto\/?motivo=M%C3%A1s+informaci%C3%B3n+sobre+un+servicio&amp;eje=1&amp;publico=privado&amp;servicio=Diagn%C3%B3stico+de+impacto+ambiental+%26%238211%3B+Huella+de+Carbono\" class=\"boton boton-principal text-white\">\r\n\t\t\t\t\t\t\t\t\t\t<span><\/span>\r\n\t\t\t\t\t\t\t\t\t\t<svg width=\"51\" height=\"48\" viewbox=\"0 0 51 48\" fill=\"none\" xmlns=\"http:\/\/www.w3.org\/2000\/svg\">\r\n\t\t\t\t\t\t\t\t\t\t<path d=\"M48.3794 0H13.0864C11.9021 0 10.9393 0.962745 10.9393 2.14707V11.8815L9.32713 9.45935C8.58597 8.34379 7.10365 8.00759 5.95753 8.70291L2.63377 10.6972C1.54877 11.339 0.746482 12.3705 0.410286 13.5854C-0.804606 17.9942 0.0970122 25.5968 11.245 36.7524C20.116 45.6158 26.7253 47.9997 31.2869 47.9997C32.3413 48.0073 33.3957 47.8698 34.412 47.5947C35.6269 47.2509 36.6584 46.4562 37.3002 45.3713L39.2945 42.0475C39.9821 40.9014 39.6459 39.419 38.538 38.6855L30.5839 33.3828C29.4913 32.6645 28.0319 32.9014 27.222 33.9253L24.9068 36.8976C24.6623 37.2185 24.2268 37.3102 23.8753 37.1192L23.4321 36.8746C21.9803 36.0876 20.1771 35.102 16.5324 31.4573C16.1351 31.06 15.7836 30.6932 15.4474 30.3417H48.3718C49.5561 30.3417 50.5188 29.3866 50.5188 28.2023V2.14707C50.5265 0.962745 49.5637 0 48.3794 0ZM22.6375 38.357L23.0653 38.5938C24.1427 39.1975 25.4951 38.9147 26.2439 37.9367L28.5591 34.9644C28.8189 34.6282 29.3003 34.5518 29.6517 34.7887L37.6058 40.0914C37.965 40.3359 38.0719 40.8173 37.8504 41.1841L35.8561 44.5078C35.4435 45.2184 34.7635 45.7456 33.9688 45.9749C29.9879 47.0675 23.0195 46.143 12.4446 35.5681C1.86969 24.9932 0.937503 18.0094 2.03014 14.0286C2.25937 13.2339 2.77894 12.5539 3.49718 12.1413L6.82094 10.147C7.19534 9.92544 7.67671 10.0324 7.91358 10.3915L13.2163 18.3456C13.4532 18.7048 13.3768 19.1785 13.0406 19.4383L10.0607 21.7534C9.08263 22.5022 8.80756 23.8547 9.40354 24.932L9.64041 25.3599C10.4809 26.9034 11.5277 28.8289 15.3481 32.6416C19.1685 36.4544 21.0864 37.5088 22.6375 38.357ZM48.8379 28.2023C48.8379 28.4545 48.6316 28.6608 48.3718 28.6608H13.9346C12.8419 27.4077 11.8945 26.0323 11.1227 24.5653L10.8782 24.1221C10.6872 23.7706 10.7789 23.3351 11.0922 23.0906L14.0721 20.7754C15.1036 19.9655 15.3405 18.5061 14.6146 17.4135L12.6127 14.4106V2.14707C12.6127 2.02482 12.6585 1.90257 12.7502 1.81852C12.8419 1.73447 12.9565 1.68098 13.0788 1.68098H48.3718C48.494 1.68098 48.6163 1.72683 48.7003 1.81852C48.7844 1.90257 48.8379 2.02482 48.8379 2.14707V28.2023V28.2023Z\" fill=\"white\"><\/path>\r\n\t\t\t\t\t\t\t\t\t\t<path d=\"M46.6531 4.06481C46.3781 3.69041 45.8432 3.62164 45.4764 3.89671L31.402 14.5786C31.0047 14.8689 30.4622 14.8689 30.0649 14.5786L15.9905 3.89671C15.6161 3.614 15.0888 3.69041 14.8061 4.05717C14.5234 4.43157 14.5998 4.95879 14.9666 5.2415L29.041 15.9157C30.042 16.6569 31.4097 16.6569 32.4106 15.9157L46.4927 5.2415C46.6684 5.10396 46.7907 4.9053 46.8212 4.68372C46.8518 4.46213 46.7907 4.24055 46.6531 4.06481Z\" fill=\"white\"><\/path>\r\n\t\t\t\t\t\t\t\t\t\t<path d=\"M23.5399 15.9923L14.9134 25.2301C14.5925 25.5739 14.6154 26.1011 14.9516 26.422C15.2954 26.7429 15.8227 26.72 16.1436 26.3838L24.7701 17.1384C25.0528 16.7946 25.0222 16.2903 24.6937 15.9846C24.3727 15.6714 23.8608 15.679 23.5399 15.9923Z\" fill=\"white\"><\/path>\r\n\t\t\t\t\t\t\t\t\t\t<path d=\"M37.9725 15.9922C37.6516 15.6484 37.1243 15.6331 36.7805 15.954C36.4367 16.2749 36.4214 16.8022 36.7423 17.146L45.3688 26.3838C45.6897 26.7276 46.2169 26.7429 46.5608 26.422C46.9046 26.1011 46.9199 25.5738 46.599 25.23L37.9725 15.9922Z\" fill=\"white\"><\/path>\r\n\t\t\t\t\t\t\t\t\t\t<\/svg>\r\n\t\t\t\t\t\t\t\t\t\t<em>\r\n\t\t\t\t\t\t\t\t\t\t\tContact us for more information\t\t\t\t\t\t\t\t\t\t<\/em>\r\n\t\t\t\t\t\t\t\t\t<\/a>\r\n\t\t\t\t\t\t\t\t<\/div>\r\n\r\n\t\t\t\t\t\t\t<\/div>\t\t\t\t<\/div>\n\t\t\t\t<\/div>\n\t\t\t\t\t<\/div>\n\t\t<\/div>\n\t\t\t\t\t<\/div>\n\t\t<\/section>\n\t\t\t\t<\/div>","protected":false},"excerpt":{"rendered":"Conoce el impacto en emisiones de tu organizaci\u00f3n La medici\u00f3n de huella de carbono es el diagn\u00f3stico ambiental que cuantifica&#8230; <a class=\"view-article\" href=\"https:\/\/libelula.com.pe\/en\/diagnostico-de-impacto-ambiental-huella-de-carbono\/\">Read more<\/a>","protected":false},"author":1,"featured_media":0,"parent":0,"menu_order":0,"comment_status":"closed","ping_status":"closed","template":"","meta":{"_acf_changed":false,"footnotes":""},"class_list":["post-21679","page","type-page","status-publish","hentry"],"acf":[],"_links":{"self":[{"href":"https:\/\/libelula.com.pe\/en\/wp-json\/wp\/v2\/pages\/21679","targetHints":{"allow":["GET"]}}],"collection":[{"href":"https:\/\/libelula.com.pe\/en\/wp-json\/wp\/v2\/pages"}],"about":[{"href":"https:\/\/libelula.com.pe\/en\/wp-json\/wp\/v2\/types\/page"}],"author":[{"embeddable":true,"href":"https:\/\/libelula.com.pe\/en\/wp-json\/wp\/v2\/users\/1"}],"replies":[{"embeddable":true,"href":"https:\/\/libelula.com.pe\/en\/wp-json\/wp\/v2\/comments?post=21679"}],"version-history":[{"count":6,"href":"https:\/\/libelula.com.pe\/en\/wp-json\/wp\/v2\/pages\/21679\/revisions"}],"predecessor-version":[{"id":21685,"href":"https:\/\/libelula.com.pe\/en\/wp-json\/wp\/v2\/pages\/21679\/revisions\/21685"}],"wp:attachment":[{"href":"https:\/\/libelula.com.pe\/en\/wp-json\/wp\/v2\/media?parent=21679"}],"curies":[{"name":"wp","href":"https:\/\/api.w.org\/{rel}","templated":true}]}}