{"id":18987,"date":"2023-02-19T18:19:45","date_gmt":"2023-02-19T23:19:45","guid":{"rendered":"https:\/\/libelula.com.pe\/?page_id=18987"},"modified":"2023-02-19T18:23:01","modified_gmt":"2023-02-19T23:23:01","slug":"formulario-de-registro-exitoso","status":"publish","type":"page","link":"https:\/\/libelula.com.pe\/en\/beca-proinnovate-para-el-curso-empresas-hacia-la-descarbonizacion\/formulario-de-registro-exitoso\/","title":{"rendered":"Formulario de registro exitoso"},"content":{"rendered":"<div data-elementor-type=\"wp-page\" data-elementor-id=\"18987\" class=\"elementor elementor-18987\" data-elementor-post-type=\"page\">\n\t\t\t\t\t\t<section class=\"elementor-section elementor-top-section elementor-element elementor-element-8a8b88a elementor-section-boxed elementor-section-height-default elementor-section-height-default\" data-id=\"8a8b88a\" data-element_type=\"section\" data-e-type=\"section\">\n\t\t\t\t\t\t<div class=\"elementor-container elementor-column-gap-default\">\n\t\t\t\t\t<div class=\"elementor-column elementor-col-100 elementor-top-column elementor-element elementor-element-6e66c74\" data-id=\"6e66c74\" data-element_type=\"column\" data-e-type=\"column\">\n\t\t\t<div class=\"elementor-widget-wrap elementor-element-populated\">\n\t\t\t\t\t\t<div class=\"elementor-element elementor-element-34d4654 elementor-widget elementor-widget-heading\" data-id=\"34d4654\" data-element_type=\"widget\" data-e-type=\"widget\" data-widget_type=\"heading.default\">\n\t\t\t\t<div class=\"elementor-widget-container\">\n\t\t\t\t\t<h3 class=\"elementor-heading-title elementor-size-default\">ProInn\u00f3vate Scholarship for the Course:<br \/>\nCompanies towards Decarbonization<\/h3>\t\t\t\t<\/div>\n\t\t\t\t<\/div>\n\t\t\t\t<div class=\"elementor-element elementor-element-782f79d elementor-widget elementor-widget-heading\" data-id=\"782f79d\" data-element_type=\"widget\" data-e-type=\"widget\" data-widget_type=\"heading.default\">\n\t\t\t\t<div class=\"elementor-widget-container\">\n\t\t\t\t\t<h1 class=\"elementor-heading-title elementor-size-default\">Registration Form<\/h1>\t\t\t\t<\/div>\n\t\t\t\t<\/div>\n\t\t\t\t\t<\/div>\n\t\t<\/div>\n\t\t\t\t\t<\/div>\n\t\t<\/section>\n\t\t\t\t<section class=\"elementor-section elementor-top-section elementor-element elementor-element-3d9fdaa elementor-section-boxed elementor-section-height-default elementor-section-height-default\" data-id=\"3d9fdaa\" data-element_type=\"section\" data-e-type=\"section\">\n\t\t\t\t\t\t<div class=\"elementor-container elementor-column-gap-default\">\n\t\t\t\t\t<div class=\"elementor-column elementor-col-100 elementor-top-column elementor-element elementor-element-2e22493\" data-id=\"2e22493\" data-element_type=\"column\" data-e-type=\"column\">\n\t\t\t<div class=\"elementor-widget-wrap elementor-element-populated\">\n\t\t\t\t\t\t<div class=\"elementor-element elementor-element-172c3b1 elementor-widget elementor-widget-heading\" data-id=\"172c3b1\" data-element_type=\"widget\" data-e-type=\"widget\" data-widget_type=\"heading.default\">\n\t\t\t\t<div class=\"elementor-widget-container\">\n\t\t\t\t\t<h2 class=\"elementor-heading-title elementor-size-default\">Your message has been sent successfully.<\/h2>\t\t\t\t<\/div>\n\t\t\t\t<\/div>\n\t\t\t\t\t<\/div>\n\t\t<\/div>\n\t\t\t\t\t<\/div>\n\t\t<\/section>\n\t\t\t\t<\/div>","protected":false},"excerpt":{"rendered":"Beca ProInn\u00f3vate para el Curso: Empresas hacia la Descarbonizaci\u00f3n Formulario de Registro Su mensaje ha sido enviado con \u00e9xito.","protected":false},"author":1,"featured_media":0,"parent":17806,"menu_order":1,"comment_status":"closed","ping_status":"closed","template":"","meta":{"_acf_changed":false,"footnotes":""},"class_list":["post-18987","page","type-page","status-publish","hentry"],"acf":[],"_links":{"self":[{"href":"https:\/\/libelula.com.pe\/en\/wp-json\/wp\/v2\/pages\/18987","targetHints":{"allow":["GET"]}}],"collection":[{"href":"https:\/\/libelula.com.pe\/en\/wp-json\/wp\/v2\/pages"}],"about":[{"href":"https:\/\/libelula.com.pe\/en\/wp-json\/wp\/v2\/types\/page"}],"author":[{"embeddable":true,"href":"https:\/\/libelula.com.pe\/en\/wp-json\/wp\/v2\/users\/1"}],"replies":[{"embeddable":true,"href":"https:\/\/libelula.com.pe\/en\/wp-json\/wp\/v2\/comments?post=18987"}],"version-history":[{"count":5,"href":"https:\/\/libelula.com.pe\/en\/wp-json\/wp\/v2\/pages\/18987\/revisions"}],"predecessor-version":[{"id":18992,"href":"https:\/\/libelula.com.pe\/en\/wp-json\/wp\/v2\/pages\/18987\/revisions\/18992"}],"up":[{"embeddable":true,"href":"https:\/\/libelula.com.pe\/en\/wp-json\/wp\/v2\/pages\/17806"}],"wp:attachment":[{"href":"https:\/\/libelula.com.pe\/en\/wp-json\/wp\/v2\/media?parent=18987"}],"curies":[{"name":"wp","href":"https:\/\/api.w.org\/{rel}","templated":true}]}}